{"id":118,"date":"2016-02-15T11:12:00","date_gmt":"2016-02-15T11:12:00","guid":{"rendered":"http:\/\/www.jlanting.nl\/?page_id=118"},"modified":"2016-02-17T19:55:09","modified_gmt":"2016-02-17T19:55:09","slug":"welkom","status":"publish","type":"page","link":"https:\/\/www.jlanting.nl\/de\/","title":{"rendered":"Wilkommen"},"content":{"rendered":"<p><\/p>\n<p class=\"p1\"><span class=\"s1\">J. Lanting ist Ihr Fachbetrieb f\u00fcr die Montage s\u00e4mtlicher Tischlereiprodukte an Bord Ihres Schiffes.<\/span><\/p>\n<p class=\"p1\"><span class=\"s1\">Unser Betrieb ist auf den modernen, klassischen und luxuri\u00f6sen Yachtbau spezialisiert und unterscheidet sich von anderen sowohl durch die Anwendung innovativer Bautechniken, als auch durch den Einsatz fundierter Fach- und Materialkenntnis.<\/span><\/p>\n<p class=\"p1\"><span class=\"s1\">Die Schiffstischlerei J. Lanting hat mit ihrer jahrelangen Erfahrung mittlerweile einen zufriedenen Kundenstamm aufgebaut und ist stolz auf ihr K\u00f6nnen.<\/span><\/p>\n<p class=\"p1\"><span class=\"s1\">Auf unserer Homepage m\u00f6chten wir Ihnen gerne einen Eindruck von unseren diversen T\u00e4tigkeiten vermitteln.<\/span><\/p>\n<p class=\"p1\"><span class=\"s1\">Wir freuen uns darauf, Sie bei Schiffsschreinerei J. Lanting begr\u00fcssen zu d\u00fcrfen.<\/span><\/p>\n<p>&nbsp;<\/p>\n<p class=\"p1\"><a href=\"http:\/\/www.jlanting.nl\/wp-content\/uploads\/2016\/02\/20130422-IMG_0057.jpg\" rel=\"attachment wp-att-35\"><img loading=\"lazy\" decoding=\"async\" class=\"size-medium wp-image-35 alignright\" src=\"http:\/\/www.jlanting.nl\/wp-content\/uploads\/2016\/02\/20130422-IMG_0057-300x207.jpg\" alt=\"20130422-IMG_0057\" width=\"300\" height=\"207\" srcset=\"https:\/\/www.jlanting.nl\/wp-content\/uploads\/2016\/02\/20130422-IMG_0057-300x207.jpg 300w, https:\/\/www.jlanting.nl\/wp-content\/uploads\/2016\/02\/20130422-IMG_0057-160x110.jpg 160w, https:\/\/www.jlanting.nl\/wp-content\/uploads\/2016\/02\/20130422-IMG_0057-260x180.jpg 260w, https:\/\/www.jlanting.nl\/wp-content\/uploads\/2016\/02\/20130422-IMG_0057-360x248.jpg 360w, https:\/\/www.jlanting.nl\/wp-content\/uploads\/2016\/02\/20130422-IMG_0057-479x330.jpg 479w, https:\/\/www.jlanting.nl\/wp-content\/uploads\/2016\/02\/20130422-IMG_0057.jpg 700w\" sizes=\"auto, (max-width: 300px) 100vw, 300px\" \/><\/a><\/p>\n<p><\/p>","protected":false},"excerpt":{"rendered":"<p>J. Lanting ist Ihr Fachbetrieb f\u00fcr die Montage s\u00e4mtlicher Tischlereiprodukte an Bord Ihres Schiffes. Unser Betrieb ist auf den modernen, klassischen und luxuri\u00f6sen Yachtbau spezialisiert und unterscheidet sich von anderen sowohl durch die Anwendung innovativer Bautechniken, als auch durch den Einsatz fundierter Fach- und Materialkenntnis. Die Schiffstischlerei J. Lanting hat mit ihrer jahrelangen Erfahrung mittlerweile&nbsp; &nbsp;<a href=\"https:\/\/www.jlanting.nl\/de\/\">&#8230;Lees verder<\/a><\/p>\n","protected":false},"author":2,"featured_media":0,"parent":0,"menu_order":0,"comment_status":"closed","ping_status":"closed","template":"page.php","meta":{"footnotes":""},"class_list":["post-118","page","type-page","status-publish","hentry"],"_links":{"self":[{"href":"https:\/\/www.jlanting.nl\/de\/wp-json\/wp\/v2\/pages\/118","targetHints":{"allow":["GET"]}}],"collection":[{"href":"https:\/\/www.jlanting.nl\/de\/wp-json\/wp\/v2\/pages"}],"about":[{"href":"https:\/\/www.jlanting.nl\/de\/wp-json\/wp\/v2\/types\/page"}],"author":[{"embeddable":true,"href":"https:\/\/www.jlanting.nl\/de\/wp-json\/wp\/v2\/users\/2"}],"replies":[{"embeddable":true,"href":"https:\/\/www.jlanting.nl\/de\/wp-json\/wp\/v2\/comments?post=118"}],"version-history":[{"count":14,"href":"https:\/\/www.jlanting.nl\/de\/wp-json\/wp\/v2\/pages\/118\/revisions"}],"predecessor-version":[{"id":255,"href":"https:\/\/www.jlanting.nl\/de\/wp-json\/wp\/v2\/pages\/118\/revisions\/255"}],"wp:attachment":[{"href":"https:\/\/www.jlanting.nl\/de\/wp-json\/wp\/v2\/media?parent=118"}],"curies":[{"name":"wp","href":"https:\/\/api.w.org\/{rel}","templated":true}]}}