{"id":141,"date":"2016-02-15T12:30:09","date_gmt":"2016-02-15T12:30:09","guid":{"rendered":"http:\/\/www.jlanting.nl\/?page_id=141"},"modified":"2016-02-17T19:35:01","modified_gmt":"2016-02-17T19:35:01","slug":"nieuwbouw","status":"publish","type":"page","link":"https:\/\/www.jlanting.nl\/de\/nieuwbouw\/","title":{"rendered":"Neubau"},"content":{"rendered":"<p><\/p>\n<p class=\"p1\"><span class=\"s1\">Wenn Ihr Schiff auf unserer Werft liegt, ist das der Beginn einer wichtigen Phase des Bauprozesses.<\/span><\/p>\n<p class=\"p1\"><span class=\"s1\">Wir versuchen, einen guten Eindruck von Ihren Vorstellungen bez\u00fcglich der Innenausstattung zu erhalten, da diese Ihrem Schiff seine Identit\u00e4t verleiht.<\/span><\/p>\n<p class=\"p1\"><span class=\"s1\">Unsere Aufmerksamkeit richtet sich daher zuallererst auf den Auftraggeber und die spezifischen Kundenw\u00fcnsche, danach verbinden wir dies mit unserer eigenen Fachkenntnis, die unverzichtbar ist, um den vorhandenen Raum an Bord optimal ben\u00fctzen zu k\u00f6nnen, die richtige Materialauswahl zu treffen und daf\u00fcr zu sorgen, dass Ihr Schiff in perfektem Zustand unsere Werft verl\u00e4sst.<\/span><\/p>\n<p class=\"p1\"><span class=\"s1\">Selbstverst\u00e4ndlich nehmen wir uns immer Zeit, um uns mit allen anderen Partnern, die ebenfalls am Herstellungsprozess beteiligt sind, zu beraten und gemeinsam zu \u00fcberlegen, wie wir eventuellen Problemen in sp\u00e4teren Produktionsphasen entgegenwirken k\u00f6nnen.<\/span><\/p>\n<p class=\"p1\"><span class=\"s1\">Auf diese Weise m\u00f6chten wir den Produktionsablauf ohne Qualit\u00e4tsverlust beschleunigen und daf\u00fcr sorgen, dass alle technischen Installationen jederzeit problemlos zug\u00e4nglich bleiben.<\/span><\/p>\n<p class=\"p1\"><span class=\"s1\">Schiffsschreinerei J. Lanting setzt sich immer wieder f\u00fcr einen optimalen Produktionsprozess ein und verb\u00fcrgt sich f\u00fcr die Anwendung der neuesten Technik und des besten Materials.<\/span><\/p>\n<p class=\"p1\"><span class=\"s1\">Beispiel daf\u00fcr ist der Einsatz von Maquetten (dreidimensionaler Entwurf Ihres Schiffes im Verh\u00e4ltnis 1:1), der einen schnelleren Produktionsverlauf bei gleichbleibendem Qualit\u00e4tsstandard gew\u00e4hrleistet.<\/span><\/p>\n<p>&nbsp;<\/p>\n<h3 class=\"p1\"><\/h3>\n<h3 class=\"p1\"><\/h3>\n<div class=\"span3\">\n<div class=\"img-polaroid\"><center><a href=\"http:\/\/www.jlanting.nl\/nieuwbouw-projecten\/\">Portfolio Neubau<\/a><\/center><\/div>\n<\/div>\n<p>&nbsp;<\/p>\n<p class=\"p1\" style=\"text-align: right;\"><a href=\"http:\/\/www.jlanting.nl\/wp-content\/uploads\/2016\/02\/set3_nieuwbouw.jpg\" rel=\"attachment wp-att-98\"><img loading=\"lazy\" decoding=\"async\" class=\"size-medium wp-image-98 alignright\" src=\"http:\/\/www.jlanting.nl\/wp-content\/uploads\/2016\/02\/set3_nieuwbouw-300x150.jpg\" alt=\"set3_nieuwbouw\" width=\"300\" height=\"150\" srcset=\"https:\/\/www.jlanting.nl\/wp-content\/uploads\/2016\/02\/set3_nieuwbouw-300x150.jpg 300w, https:\/\/www.jlanting.nl\/wp-content\/uploads\/2016\/02\/set3_nieuwbouw-160x80.jpg 160w, https:\/\/www.jlanting.nl\/wp-content\/uploads\/2016\/02\/set3_nieuwbouw-260x130.jpg 260w, https:\/\/www.jlanting.nl\/wp-content\/uploads\/2016\/02\/set3_nieuwbouw-360x180.jpg 360w, https:\/\/www.jlanting.nl\/wp-content\/uploads\/2016\/02\/set3_nieuwbouw.jpg 600w\" sizes=\"auto, (max-width: 300px) 100vw, 300px\" \/><\/a><\/p>\n<p><\/p>","protected":false},"excerpt":{"rendered":"<p>Wenn Ihr Schiff auf unserer Werft liegt, ist das der Beginn einer wichtigen Phase des Bauprozesses. Wir versuchen, einen guten Eindruck von Ihren Vorstellungen bez\u00fcglich der Innenausstattung zu erhalten, da diese Ihrem Schiff seine Identit\u00e4t verleiht. Unsere Aufmerksamkeit richtet sich daher zuallererst auf den Auftraggeber und die spezifischen Kundenw\u00fcnsche, danach verbinden wir dies mit unserer&nbsp; &nbsp;<a href=\"https:\/\/www.jlanting.nl\/de\/nieuwbouw\/\">&#8230;Lees verder<\/a><\/p>\n","protected":false},"author":2,"featured_media":0,"parent":0,"menu_order":0,"comment_status":"closed","ping_status":"closed","template":"page.php","meta":{"footnotes":""},"class_list":["post-141","page","type-page","status-publish","hentry"],"_links":{"self":[{"href":"https:\/\/www.jlanting.nl\/de\/wp-json\/wp\/v2\/pages\/141","targetHints":{"allow":["GET"]}}],"collection":[{"href":"https:\/\/www.jlanting.nl\/de\/wp-json\/wp\/v2\/pages"}],"about":[{"href":"https:\/\/www.jlanting.nl\/de\/wp-json\/wp\/v2\/types\/page"}],"author":[{"embeddable":true,"href":"https:\/\/www.jlanting.nl\/de\/wp-json\/wp\/v2\/users\/2"}],"replies":[{"embeddable":true,"href":"https:\/\/www.jlanting.nl\/de\/wp-json\/wp\/v2\/comments?post=141"}],"version-history":[{"count":6,"href":"https:\/\/www.jlanting.nl\/de\/wp-json\/wp\/v2\/pages\/141\/revisions"}],"predecessor-version":[{"id":248,"href":"https:\/\/www.jlanting.nl\/de\/wp-json\/wp\/v2\/pages\/141\/revisions\/248"}],"wp:attachment":[{"href":"https:\/\/www.jlanting.nl\/de\/wp-json\/wp\/v2\/media?parent=141"}],"curies":[{"name":"wp","href":"https:\/\/api.w.org\/{rel}","templated":true}]}}