{"id":147,"date":"2016-02-15T12:33:54","date_gmt":"2016-02-15T12:33:54","guid":{"rendered":"http:\/\/www.jlanting.nl\/?page_id=147"},"modified":"2016-02-17T19:39:31","modified_gmt":"2016-02-17T19:39:31","slug":"refit","status":"publish","type":"page","link":"https:\/\/www.jlanting.nl\/de\/refit\/","title":{"rendered":"Refit"},"content":{"rendered":"<p><\/p>\n<p class=\"p1\"><span class=\"s1\">Refit und Wartung z\u00e4hlen zu einem sehr spezifischen Fachgebiet und erfordern daher h\u00f6chste Fachkompetenz unserer Mitarbeiter.<\/span><\/p>\n<p class=\"p1\"><span class=\"s1\">Dieses Fachwissen erm\u00f6glicht uns, Sie als Kunden mit speziellen W\u00fcnschen fundiert zu beraten, ohne dabei die technische Umsetzbarkeit Ihrer Vorstellungen aus den Augen zu verlieren. Gemeinsam mit Ihnen entwerfen wir einen Plan, der zudem Ihr verf\u00fcgbares Budget ber\u00fccksichtigt.<\/span><\/p>\n<p class=\"p1\"><span class=\"s1\">Auf der Werft verf\u00fcgen wir \u00fcber eine umfangreiche Holzmustersammlung, sowie eine gro\u00dfe Kollektion g\u00e4ngiger Materialien, wie z.B. Formica, sodass Sie bei einem Besuch bei uns einen Eindruck davon erhalten, was auf dem Gebiet der Materialauswahl m\u00f6glich ist.<\/span><\/p>\n<p class=\"p1\"><span class=\"s1\">Nicht nur f\u00fcr die Innenausstattung Ihres Schiffes sind wir gerne Ihr Ansprechpartner, auch bez\u00fcglich der Au\u00dfenausstattung beraten wir Sie fachm\u00e4nnisch und kompetent. Fragen zu neuen Holzkomponenten, Teakholzdecks oder zu ihrer Reparatur? Bei uns sind Sie an der richtigen Adresse.<\/span><\/p>\n<p class=\"p1\"><span class=\"s1\">Unsere Zielsetzung ist es, dass Ihr Schiff unsere Werft in perfektem Zustand wieder verl\u00e4sst und wir Ihren Auftrag nach vollster Zufriedenheit ausf\u00fchren konnten.<\/span><\/p>\n<p>&nbsp;<\/p>\n<h3 class=\"p1\"><\/h3>\n<h3 class=\"p1\"><\/h3>\n<div class=\"span3\">\n<div class=\"img-polaroid\"><center><a href=\"http:\/\/www.jlanting.nl\/refit-projecten\/\">Portfolio Refit<\/a><\/center><\/div>\n<\/div>\n<p>&nbsp;<\/p>\n<p class=\"p1\" style=\"text-align: right;\"><a href=\"http:\/\/www.jlanting.nl\/wp-content\/uploads\/2016\/02\/set3_refit.jpg\" rel=\"attachment wp-att-99\"><img loading=\"lazy\" decoding=\"async\" class=\"alignright size-medium wp-image-99\" src=\"http:\/\/www.jlanting.nl\/wp-content\/uploads\/2016\/02\/set3_refit-300x150.jpg\" alt=\"set3_refit\" width=\"300\" height=\"150\" srcset=\"https:\/\/www.jlanting.nl\/wp-content\/uploads\/2016\/02\/set3_refit-300x150.jpg 300w, https:\/\/www.jlanting.nl\/wp-content\/uploads\/2016\/02\/set3_refit-160x80.jpg 160w, https:\/\/www.jlanting.nl\/wp-content\/uploads\/2016\/02\/set3_refit-260x130.jpg 260w, https:\/\/www.jlanting.nl\/wp-content\/uploads\/2016\/02\/set3_refit-360x180.jpg 360w, https:\/\/www.jlanting.nl\/wp-content\/uploads\/2016\/02\/set3_refit.jpg 600w\" sizes=\"auto, (max-width: 300px) 100vw, 300px\" \/><\/a><\/p>\n<p><\/p>","protected":false},"excerpt":{"rendered":"<p>Refit und Wartung z\u00e4hlen zu einem sehr spezifischen Fachgebiet und erfordern daher h\u00f6chste Fachkompetenz unserer Mitarbeiter. Dieses Fachwissen erm\u00f6glicht uns, Sie als Kunden mit speziellen W\u00fcnschen fundiert zu beraten, ohne dabei die technische Umsetzbarkeit Ihrer Vorstellungen aus den Augen zu verlieren. Gemeinsam mit Ihnen entwerfen wir einen Plan, der zudem Ihr verf\u00fcgbares Budget ber\u00fccksichtigt. Auf&nbsp; &nbsp;<a href=\"https:\/\/www.jlanting.nl\/de\/refit\/\">&#8230;Lees verder<\/a><\/p>\n","protected":false},"author":2,"featured_media":0,"parent":0,"menu_order":0,"comment_status":"closed","ping_status":"closed","template":"","meta":{"footnotes":""},"class_list":["post-147","page","type-page","status-publish","hentry"],"_links":{"self":[{"href":"https:\/\/www.jlanting.nl\/de\/wp-json\/wp\/v2\/pages\/147","targetHints":{"allow":["GET"]}}],"collection":[{"href":"https:\/\/www.jlanting.nl\/de\/wp-json\/wp\/v2\/pages"}],"about":[{"href":"https:\/\/www.jlanting.nl\/de\/wp-json\/wp\/v2\/types\/page"}],"author":[{"embeddable":true,"href":"https:\/\/www.jlanting.nl\/de\/wp-json\/wp\/v2\/users\/2"}],"replies":[{"embeddable":true,"href":"https:\/\/www.jlanting.nl\/de\/wp-json\/wp\/v2\/comments?post=147"}],"version-history":[{"count":13,"href":"https:\/\/www.jlanting.nl\/de\/wp-json\/wp\/v2\/pages\/147\/revisions"}],"predecessor-version":[{"id":251,"href":"https:\/\/www.jlanting.nl\/de\/wp-json\/wp\/v2\/pages\/147\/revisions\/251"}],"wp:attachment":[{"href":"https:\/\/www.jlanting.nl\/de\/wp-json\/wp\/v2\/media?parent=147"}],"curies":[{"name":"wp","href":"https:\/\/api.w.org\/{rel}","templated":true}]}}