{"id":151,"date":"2016-02-15T12:36:50","date_gmt":"2016-02-15T12:36:50","guid":{"rendered":"http:\/\/www.jlanting.nl\/?page_id=151"},"modified":"2016-10-07T10:32:57","modified_gmt":"2016-10-07T10:32:57","slug":"portfolio","status":"publish","type":"page","link":"https:\/\/www.jlanting.nl\/de\/portfolio\/","title":{"rendered":"Portfolio"},"content":{"rendered":"<p><\/p>\n<p class=\"p1\"><span class=\"s1\">Hier finden Sie einige Beispiele f\u00fcr Projekte, die wir erstellt haben.<\/span><\/p>\n<p class=\"p1\"><span class=\"s1\">Die Bilder geben ein klares Bild was m\u00f6glich ist und die hohe Qualit\u00e4t womit das gemacht ist.<\/span><\/p>\n<p>&nbsp;<\/p>\n<h3 class=\"p1\"><\/h3>\n<h3 class=\"p1\"><\/h3>\n<div class=\"span2\">\n<div class=\"img-polaroid\"><center><a href=\"http:\/\/www.jlanting.nl\/nieuwbouw-projecten\/\">Portfolio Neubau<\/a><\/center><\/div>\n<\/div>\n<div class=\"span2\">\n<div class=\"img-polaroid\"><center><a href=\"http:\/\/www.jlanting.nl\/refit-projecten\/\">Portfolio Refit<\/a><\/center><\/div>\n<\/div>\n<div class=\"span2\">\n<div class=\"img-polaroid\"><center><a href=\"http:\/\/www.jlanting.nl\/interieurbouw-projecten\/\">Portfolio Inneneinrichtung<\/a><\/center><\/div>\n<\/div>\n<p>&nbsp;<\/p>\n<p>&nbsp;<\/p>\n<p>&nbsp;<\/p>\n<p class=\"p1\" style=\"text-align: right;\"><a href=\"http:\/\/www.jlanting.nl\/wp-content\/uploads\/2016\/02\/Logo_Negatief_Handtekening.png\" rel=\"attachment wp-att-87\"><img loading=\"lazy\" decoding=\"async\" class=\"alignright size-medium wp-image-87\" src=\"http:\/\/www.jlanting.nl\/wp-content\/uploads\/2016\/02\/Logo_Negatief_Handtekening-300x81.png\" alt=\"Logo_Negatief_Handtekening\" width=\"300\" height=\"81\" srcset=\"https:\/\/www.jlanting.nl\/wp-content\/uploads\/2016\/02\/Logo_Negatief_Handtekening-300x81.png 300w, https:\/\/www.jlanting.nl\/wp-content\/uploads\/2016\/02\/Logo_Negatief_Handtekening-160x43.png 160w, https:\/\/www.jlanting.nl\/wp-content\/uploads\/2016\/02\/Logo_Negatief_Handtekening-260x70.png 260w, https:\/\/www.jlanting.nl\/wp-content\/uploads\/2016\/02\/Logo_Negatief_Handtekening-360x97.png 360w, https:\/\/www.jlanting.nl\/wp-content\/uploads\/2016\/02\/Logo_Negatief_Handtekening.png 650w\" sizes=\"auto, (max-width: 300px) 100vw, 300px\" \/><\/a><\/p>\n<p><\/p>","protected":false},"excerpt":{"rendered":"<p>Hier finden Sie einige Beispiele f\u00fcr Projekte, die wir erstellt haben. Die Bilder geben ein klares Bild was m\u00f6glich ist und die hohe Qualit\u00e4t womit das gemacht ist. &nbsp; Portfolio Neubau Portfolio Refit Portfolio Inneneinrichtung &nbsp; &nbsp; &nbsp;<\/p>\n","protected":false},"author":2,"featured_media":0,"parent":0,"menu_order":0,"comment_status":"closed","ping_status":"closed","template":"","meta":{"footnotes":""},"class_list":["post-151","page","type-page","status-publish","hentry"],"_links":{"self":[{"href":"https:\/\/www.jlanting.nl\/de\/wp-json\/wp\/v2\/pages\/151","targetHints":{"allow":["GET"]}}],"collection":[{"href":"https:\/\/www.jlanting.nl\/de\/wp-json\/wp\/v2\/pages"}],"about":[{"href":"https:\/\/www.jlanting.nl\/de\/wp-json\/wp\/v2\/types\/page"}],"author":[{"embeddable":true,"href":"https:\/\/www.jlanting.nl\/de\/wp-json\/wp\/v2\/users\/2"}],"replies":[{"embeddable":true,"href":"https:\/\/www.jlanting.nl\/de\/wp-json\/wp\/v2\/comments?post=151"}],"version-history":[{"count":22,"href":"https:\/\/www.jlanting.nl\/de\/wp-json\/wp\/v2\/pages\/151\/revisions"}],"predecessor-version":[{"id":313,"href":"https:\/\/www.jlanting.nl\/de\/wp-json\/wp\/v2\/pages\/151\/revisions\/313"}],"wp:attachment":[{"href":"https:\/\/www.jlanting.nl\/de\/wp-json\/wp\/v2\/media?parent=151"}],"curies":[{"name":"wp","href":"https:\/\/api.w.org\/{rel}","templated":true}]}}