{"id":157,"date":"2016-02-15T12:56:21","date_gmt":"2016-02-15T12:56:21","guid":{"rendered":"http:\/\/www.jlanting.nl\/?page_id=157"},"modified":"2017-02-01T15:20:25","modified_gmt":"2017-02-01T15:20:25","slug":"contact","status":"publish","type":"page","link":"https:\/\/www.jlanting.nl\/de\/contact\/","title":{"rendered":"Kontakt"},"content":{"rendered":"<p><\/p>\n<table>\n<tbody>\n<tr>\n<td>\n<p class=\"p1\" style=\"padding-left: 30px;\"><span class=\"s1\">Wenn Sie Fragen an uns haben, interessiert sind an unseren Dienstleistungen oder einen Kostenvoranschlag anfordern m\u00f6chten, kontaktieren Sie uns bitte stb.jlanting@kpnmail.nl<\/span><\/p>\n<p class=\"p1\" style=\"padding-left: 30px;\"><span class=\"s1\">Nach vorhergehender Vereinbarung begr\u00fc\u00dfen wir Sie jederzeit gerne auf unserer Werft.<\/span><\/p>\n<p class=\"p1\" style=\"padding-left: 30px;\">\n<h3 class=\"p1\" style=\"padding-left: 30px;\"><span class=\"s1\">Sie finden uns<\/span><\/h3>\n<p class=\"p1\" style=\"padding-left: 30px;\"><span class=\"s1\">Leyesleatwei 4B <br \/>\n8624HW Uitwellingerga <br \/>\nTel: 0515-558241<br \/>\nMobiel: 06- 25582083<br \/>\nEmail: stb.jlanting@kpnmail.nl<\/p>\n<p><\/span><\/p>\n<p class=\"p1\" style=\"padding-left: 30px;\">\n<\/td>\n<td><\/td>\n<\/tr>\n<\/td>\n<\/td>\n<td><\/td>\n<\/tr>\n<tr>\n<td style=\"padding-left: 30px;\">\n<div class=\"img-polaroid\"><iframe loading=\"lazy\" style=\"border: 0;\" src=\"https:\/\/www.google.com\/maps\/embed?pb=!1m23!1m12!1m3!1d4819.256113556921!2d5.6946281648937624!3d52.9971448745637!2m3!1f0!2f0!3f0!3m2!1i1024!2i768!4f13.1!4m8!3e6!4m0!4m5!1s0x47c8f17ddc41a005%3A0x36c478abb4a5764c!2sLeyesleatswei+4%2C+8624+HW+Uitwellingerga!3m2!1d52.9971463!2d5.699021999999999!5e0!3m2!1snl!2snl!4v1455542454412\" width=\"450\" height=\"300\" frameborder=\"0\" allowfullscreen=\"allowfullscreen\"><\/iframe><\/div>\n<\/td>\n<td>\n<h3 class=\"p1\"><span class=\"s1\" style=\"padding-left: 0px;\">Anfahrt<\/span><\/h3>\n<h3 class=\"p1\"><span class=\"s1\" style=\"padding-left: 0px;\">Fahren Sie von Joure.<\/span><\/h3>\n<p class=\"p1\" style=\"padding-left: 30px;\">Am Kreisverkehr nehmen Sie die Ausfahrt Joure Sneek.<br \/>\nDann nehmen Sie die Ausfahrt Nummer 23 Joure-West\/Uitwellingerga.<br \/>\nSie nehmen die alte Stra\u00dfe Richtung Uitwellingerga.<br \/>\nNach der zweiten Br\u00fccke folgen Sie der Beschilderung Industrie Uitwellingerga.<\/p>\n<h3 class=\"p1\"><span class=\"s1\" style=\"padding-left: 0px;\">Fahren Sie von Sneek.<\/span><\/h3>\n<p class=\"p1\" style=\"padding-left: 30px;\">Folgen Sie der Ringstra\u00dfe Richtung \u201cIndustrial Houkesloot\u201d.<br \/>\nHier folgen Sie der alten Landstra\u00dfe 43 parallel zur A7 und Uitwellingerga Joure.<br \/>\nFolgen Sie den Schildern \u201cIndustrial Uitwellingerga\u201d.<\/p>\n<\/td>\n<\/tr>\n<\/tbody>\n<\/table>\n<p><\/p>","protected":false},"excerpt":{"rendered":"<p>Wenn Sie Fragen an uns haben, interessiert sind an unseren Dienstleistungen oder einen Kostenvoranschlag anfordern m\u00f6chten, kontaktieren Sie uns bitte stb.jlanting@kpnmail.nl Nach vorhergehender Vereinbarung begr\u00fc\u00dfen wir Sie jederzeit gerne auf unserer Werft. Sie finden uns Leyesleatwei 4B 8624HW Uitwellingerga Tel: 0515-558241 Mobiel: 06- 25582083 Email: stb.jlanting@kpnmail.nl Anfahrt Fahren Sie von Joure. Am Kreisverkehr nehmen Sie&nbsp; &nbsp;<a href=\"https:\/\/www.jlanting.nl\/de\/contact\/\">&#8230;Lees verder<\/a><\/p>\n","protected":false},"author":2,"featured_media":0,"parent":0,"menu_order":0,"comment_status":"closed","ping_status":"closed","template":"page.php","meta":{"footnotes":""},"class_list":["post-157","page","type-page","status-publish","hentry"],"_links":{"self":[{"href":"https:\/\/www.jlanting.nl\/de\/wp-json\/wp\/v2\/pages\/157","targetHints":{"allow":["GET"]}}],"collection":[{"href":"https:\/\/www.jlanting.nl\/de\/wp-json\/wp\/v2\/pages"}],"about":[{"href":"https:\/\/www.jlanting.nl\/de\/wp-json\/wp\/v2\/types\/page"}],"author":[{"embeddable":true,"href":"https:\/\/www.jlanting.nl\/de\/wp-json\/wp\/v2\/users\/2"}],"replies":[{"embeddable":true,"href":"https:\/\/www.jlanting.nl\/de\/wp-json\/wp\/v2\/comments?post=157"}],"version-history":[{"count":55,"href":"https:\/\/www.jlanting.nl\/de\/wp-json\/wp\/v2\/pages\/157\/revisions"}],"predecessor-version":[{"id":355,"href":"https:\/\/www.jlanting.nl\/de\/wp-json\/wp\/v2\/pages\/157\/revisions\/355"}],"wp:attachment":[{"href":"https:\/\/www.jlanting.nl\/de\/wp-json\/wp\/v2\/media?parent=157"}],"curies":[{"name":"wp","href":"https:\/\/api.w.org\/{rel}","templated":true}]}}