{"id":288,"date":"2016-10-07T09:46:38","date_gmt":"2016-10-07T09:46:38","guid":{"rendered":"http:\/\/www.jlanting.nl\/?page_id=288"},"modified":"2016-10-07T11:11:00","modified_gmt":"2016-10-07T11:11:00","slug":"interieurbouw","status":"publish","type":"page","link":"https:\/\/www.jlanting.nl\/de\/interieurbouw\/","title":{"rendered":"Inneneinrichtung"},"content":{"rendered":"<p>Unser Betrieb stellt ein starkes Wachstum bei der Herstellung von kundenspezifischen M\u00f6bel f\u00fcr Ihr Zuhause oder in Ihrem Unternehmen.<\/p>\n<p>&nbsp;<\/p>\n<p>Oft in den verf\u00fcgbaren Platz passen Sie keine standard-M\u00f6bel.<\/p>\n<p>Wir sorgen daf\u00fcr, dass der Raum voll wirksam ist mit dem richtigen Look und Atmosp\u00e4re<\/p>\n<p>f\u00fcr Ihr Haus oder Gesch\u00e4ft.<\/p>\n<p>&nbsp;<\/p>\n<p>Beispiele sind; Welcome-Desk Ihres Unternehmens, einer K\u00fcchenzeile, einer Tabelle oder sch\u00f6ne Gartenm\u00f6bel f\u00fcr drau\u00dfen.<\/p>\n<p>Die M\u00f6glichkeiten sind endlos und in einem pers\u00f6nlichen Gespr\u00e4ch k\u00f6nnen wir Ihre W\u00fcnsche kombinieren und unser Wissen, um ein sch\u00f6nes Ergebnis zu erstellen.<\/p>\n<p>&nbsp;<\/p>\n<div class=\"span3\">\n<div class=\"img-polaroid\"><center><a href=\"http:\/\/www.jlanting.nl\/interieurbouw-projecten\/\">Portfolio Inneneinrichting<\/a><\/div>\n<\/div>\n<p><\/p>","protected":false},"excerpt":{"rendered":"<p>Unser Betrieb stellt ein starkes Wachstum bei der Herstellung von kundenspezifischen M\u00f6bel f\u00fcr Ihr Zuhause oder in Ihrem Unternehmen. &nbsp; Oft in den verf\u00fcgbaren Platz passen Sie keine standard-M\u00f6bel. Wir sorgen daf\u00fcr, dass der Raum voll wirksam ist mit dem richtigen Look und Atmosp\u00e4re f\u00fcr Ihr Haus oder Gesch\u00e4ft. &nbsp; Beispiele sind; Welcome-Desk Ihres Unternehmens,&nbsp; &nbsp;<a href=\"https:\/\/www.jlanting.nl\/de\/interieurbouw\/\">&#8230;Lees verder<\/a><\/p>\n","protected":false},"author":2,"featured_media":0,"parent":0,"menu_order":0,"comment_status":"closed","ping_status":"closed","template":"","meta":{"footnotes":""},"class_list":["post-288","page","type-page","status-publish","hentry"],"_links":{"self":[{"href":"https:\/\/www.jlanting.nl\/de\/wp-json\/wp\/v2\/pages\/288","targetHints":{"allow":["GET"]}}],"collection":[{"href":"https:\/\/www.jlanting.nl\/de\/wp-json\/wp\/v2\/pages"}],"about":[{"href":"https:\/\/www.jlanting.nl\/de\/wp-json\/wp\/v2\/types\/page"}],"author":[{"embeddable":true,"href":"https:\/\/www.jlanting.nl\/de\/wp-json\/wp\/v2\/users\/2"}],"replies":[{"embeddable":true,"href":"https:\/\/www.jlanting.nl\/de\/wp-json\/wp\/v2\/comments?post=288"}],"version-history":[{"count":13,"href":"https:\/\/www.jlanting.nl\/de\/wp-json\/wp\/v2\/pages\/288\/revisions"}],"predecessor-version":[{"id":320,"href":"https:\/\/www.jlanting.nl\/de\/wp-json\/wp\/v2\/pages\/288\/revisions\/320"}],"wp:attachment":[{"href":"https:\/\/www.jlanting.nl\/de\/wp-json\/wp\/v2\/media?parent=288"}],"curies":[{"name":"wp","href":"https:\/\/api.w.org\/{rel}","templated":true}]}}